{"id":1907,"date":"2024-04-12T06:29:34","date_gmt":"2024-04-12T06:29:34","guid":{"rendered":"http:\/\/www.barbaraservera.com\/legal-notice\/"},"modified":"2024-05-22T10:19:02","modified_gmt":"2024-05-22T10:19:02","slug":"legal-notice","status":"publish","type":"page","link":"http:\/\/www.barbaraservera.com\/en\/legal-notice\/","title":{"rendered":"Legal Notice"},"content":{"rendered":"\t\t<div data-elementor-type=\"wp-page\" data-elementor-id=\"1907\" class=\"elementor elementor-1907 elementor-1368\" data-elementor-post-type=\"page\">\n\t\t\t\t<section class=\"elementor-element elementor-element-2d54442 e-flex e-con-boxed e-con e-parent\" data-id=\"2d54442\" data-element_type=\"container\" data-settings=\"{&quot;background_background&quot;:&quot;classic&quot;}\">\n\t\t\t\t\t<div class=\"e-con-inner\">\n\t\t\t\t<div class=\"elementor-element elementor-element-da69c90 elementor-widget elementor-widget-heading\" data-id=\"da69c90\" data-element_type=\"widget\" data-widget_type=\"heading.default\">\n\t\t\t\t<div class=\"elementor-widget-container\">\n\t\t\t<style>\/*! elementor - v3.21.0 - 20-05-2024 *\/\n.elementor-heading-title{padding:0;margin:0;line-height:1}.elementor-widget-heading .elementor-heading-title[class*=elementor-size-]>a{color:inherit;font-size:inherit;line-height:inherit}.elementor-widget-heading .elementor-heading-title.elementor-size-small{font-size:15px}.elementor-widget-heading .elementor-heading-title.elementor-size-medium{font-size:19px}.elementor-widget-heading .elementor-heading-title.elementor-size-large{font-size:29px}.elementor-widget-heading .elementor-heading-title.elementor-size-xl{font-size:39px}.elementor-widget-heading .elementor-heading-title.elementor-size-xxl{font-size:59px}<\/style><h1 class=\"elementor-heading-title elementor-size-default\">Legal Notice<\/h1>\t\t<\/div>\n\t\t\t\t<\/div>\n\t\t\t\t<div class=\"elementor-element elementor-element-ac700ab elementor-absolute elementor-widget elementor-widget-image\" data-id=\"ac700ab\" data-element_type=\"widget\" data-settings=\"{&quot;_position&quot;:&quot;absolute&quot;}\" data-widget_type=\"image.default\">\n\t\t\t\t<div class=\"elementor-widget-container\">\n\t\t\t<style>\/*! elementor - v3.21.0 - 20-05-2024 *\/\n.elementor-widget-image{text-align:center}.elementor-widget-image a{display:inline-block}.elementor-widget-image a img[src$=\".svg\"]{width:48px}.elementor-widget-image img{vertical-align:middle;display:inline-block}<\/style>\t\t\t\t\t\t\t\t\t\t<img fetchpriority=\"high\" decoding=\"async\" width=\"199\" height=\"312\" src=\"http:\/\/www.barbaraservera.com\/wp-content\/uploads\/2024\/03\/barbara-servera-a-icon.svg\" class=\"attachment-full size-full wp-image-43\" alt=\"\" \/>\t\t\t\t\t\t\t\t\t\t\t\t\t<\/div>\n\t\t\t\t<\/div>\n\t\t\t\t\t<\/div>\n\t\t\t\t<\/section>\n\t\t<div class=\"elementor-element elementor-element-13b7a6f e-flex e-con-boxed e-con e-parent\" data-id=\"13b7a6f\" data-element_type=\"container\">\n\t\t\t\t\t<div class=\"e-con-inner\">\n\t\t\t\t<div class=\"elementor-element elementor-element-6fb89af elementor-widget elementor-widget-heading\" data-id=\"6fb89af\" data-element_type=\"widget\" data-widget_type=\"heading.default\">\n\t\t\t\t<div class=\"elementor-widget-container\">\n\t\t\t<h2 class=\"elementor-heading-title elementor-size-default\">Introduction<\/h2>\t\t<\/div>\n\t\t\t\t<\/div>\n\t\t\t\t<div class=\"elementor-element elementor-element-206867a elementor-widget elementor-widget-text-editor\" data-id=\"206867a\" data-element_type=\"widget\" data-widget_type=\"text-editor.default\">\n\t\t\t\t<div class=\"elementor-widget-container\">\n\t\t\t<style>\/*! elementor - v3.21.0 - 20-05-2024 *\/\n.elementor-widget-text-editor.elementor-drop-cap-view-stacked .elementor-drop-cap{background-color:#69727d;color:#fff}.elementor-widget-text-editor.elementor-drop-cap-view-framed .elementor-drop-cap{color:#69727d;border:3px solid;background-color:transparent}.elementor-widget-text-editor:not(.elementor-drop-cap-view-default) .elementor-drop-cap{margin-top:8px}.elementor-widget-text-editor:not(.elementor-drop-cap-view-default) .elementor-drop-cap-letter{width:1em;height:1em}.elementor-widget-text-editor .elementor-drop-cap{float:left;text-align:center;line-height:1;font-size:50px}.elementor-widget-text-editor .elementor-drop-cap-letter{display:inline-block}<\/style>\t\t\t\t<p>In compliance with Law 34\/2002, of July 11, on Information Society Services and Electronic Commerce (LSSI-CE), <strong>B\u00c1RBARA SERVERA<\/strong> informs that it is the owner of the website. In accordance with the requirement of article 10 of the aforementioned Law, <strong>B\u00c1RBARA SERVERA<\/strong> reports the following data:<\/p>\n\t\t\t\t\t\t<\/div>\n\t\t\t\t<\/div>\n\t\t\t\t<div class=\"elementor-element elementor-element-6248afc elementor-widget elementor-widget-text-editor\" data-id=\"6248afc\" data-element_type=\"widget\" data-widget_type=\"text-editor.default\">\n\t\t\t\t<div class=\"elementor-widget-container\">\n\t\t\t\t\t\t\t<table class=\"privacy-table\">\n<tbody>\n<tr>\n<td style=\"text-align: center; vertical-align: middle;\">BUSINESS NAME<\/td>\n<td style=\"text-align: center; vertical-align: middle;\">B\u00c1RBARA SERVERA<\/td>\n<\/tr>\n<tr>\n<td style=\"text-align: center; vertical-align: middle;\">DNI<\/td>\n<td style=\"text-align: center; vertical-align: middle;\"> <\/td>\n<\/tr>\n<tr>\n<td style=\"text-align: center; vertical-align: middle;\">MAILING ADDRESS<\/td>\n<td style=\"text-align: center; vertical-align: middle;\">VICEN\u00c7 JOAN ROSSELLO 26 1C, 07013, PALMA, ILLES BALEARS ESPA\u00d1A<\/td>\n<\/tr>\n<tr>\n<td style=\"text-align: center; vertical-align: middle;\">ELECTRONIC<br \/>DIRECTION<\/td>\n<td style=\"text-align: center; vertical-align: middle;\"><a href=\"mailto:hola@barbaraservera.com\">hola@barbaraservera.com<\/a><\/td>\n<\/tr>\n<tr>\n<td style=\"text-align: center; vertical-align: middle;\">PHONES<\/td>\n<td style=\"text-align: center; vertical-align: middle;\"><a href=\"tel:+34678998266\">+34 678 998 266<\/a><\/td>\n<\/tr>\n<tr>\n<td style=\"text-align: center; vertical-align: middle;\">COMMERCIAL<br \/>REGISTRATION<\/td>\n<td style=\"text-align: center; vertical-align: middle;\">Tomo\u2026\u2026\u2026\u2026, folio\u2026\u2026\u2026\u2026, hoja\u2026\u2026\u2026\u2026 e inscripci\u00f3n\u2026\u2026\u2026\u2026<\/td>\n<\/tr>\n<tr>\n<td style=\"text-align: center; vertical-align: middle;\">PRINCIPAL<br \/>OBJECT<\/td>\n<td style=\"text-align: center; vertical-align: middle;\">Coaching, Training and Communication<\/td>\n<\/tr>\n<\/tbody>\n<\/table>\n\t\t\t\t\t\t<\/div>\n\t\t\t\t<\/div>\n\t\t\t\t<div class=\"elementor-element elementor-element-acfaf62 elementor-widget elementor-widget-heading\" data-id=\"acfaf62\" data-element_type=\"widget\" data-widget_type=\"heading.default\">\n\t\t\t\t<div class=\"elementor-widget-container\">\n\t\t\t<h2 class=\"elementor-heading-title elementor-size-default\">User and Regime of Responsibilities<\/h2>\t\t<\/div>\n\t\t\t\t<\/div>\n\t\t\t\t<div class=\"elementor-element elementor-element-210708d elementor-widget elementor-widget-text-editor\" data-id=\"210708d\" data-element_type=\"widget\" data-widget_type=\"text-editor.default\">\n\t\t\t\t<div class=\"elementor-widget-container\">\n\t\t\t\t\t\t\t<p>Browsing, accessing and using the <strong>B\u00c1RBARA SERVERA<\/strong> website confers the status of user, by which you accept, from browsing the <strong>B\u00c1RBARA SERVERA<\/strong> website, all the conditions of use established here without prejudice to the application of the corresponding regulations of<br \/>mandatory legal compliance depending on the case.<\/p>\n<p>The <strong>B\u00c1RBARA SERVERA<\/strong> website provides a wide variety of information, services and data.<\/p>\n<p>The user assumes responsibility for the correct use of the website. This responsibility will extend to:<\/p>\n<ul>\n<li>The veracity and legality of the information provided by the user in the forms issued by<br \/><strong>B\u00c1RBARA SERVERA<\/strong> for access to certain content or services offered by the website.<\/li>\n<li>The use of the information, services and data offered by <strong>B\u00c1RBARA SERVERA<\/strong><strong> <\/strong>contrary to the provisions of these conditions, the Law, morality, good customs or public order, or that in any other way may involve injury to the rights of third parties or the operation of the website itself.<\/li>\n<\/ul>\n\t\t\t\t\t\t<\/div>\n\t\t\t\t<\/div>\n\t\t\t\t<div class=\"elementor-element elementor-element-f8883ec elementor-widget elementor-widget-heading\" data-id=\"f8883ec\" data-element_type=\"widget\" data-widget_type=\"heading.default\">\n\t\t\t\t<div class=\"elementor-widget-container\">\n\t\t\t<h2 class=\"elementor-heading-title elementor-size-default\">Link Policy and Disclaimers<\/h2>\t\t<\/div>\n\t\t\t\t<\/div>\n\t\t\t\t<div class=\"elementor-element elementor-element-a80d7b1 elementor-widget elementor-widget-text-editor\" data-id=\"a80d7b1\" data-element_type=\"widget\" data-widget_type=\"text-editor.default\">\n\t\t\t\t<div class=\"elementor-widget-container\">\n\t\t\t\t\t\t\t<p><strong>B\u00c1RBARA SERVERA<\/strong> is not responsible for the content of the websites that the user can access through the links established on its website and declares that in no case will it proceed to examine or exercise any type of control over the content of other sites of the grid. Likewise, it will not guarantee the technical availability, accuracy, veracity, validity or legality of sites other than its property that can be accessed through the links.<\/p>\n<p><strong>B\u00c1RBARA SERVERA<\/strong> declares that it has adopted all necessary measures to avoid any harm to the users of its website, which may arise from browsing its website.<\/p>\n<p>Consequently, <strong>B\u00c1RBARA SERVERA<\/strong> is not responsible, in any case, for any damage that the user may suffer due to Internet browsing.<\/p>\n\t\t\t\t\t\t<\/div>\n\t\t\t\t<\/div>\n\t\t\t\t<div class=\"elementor-element elementor-element-ed7ad7c elementor-widget elementor-widget-heading\" data-id=\"ed7ad7c\" data-element_type=\"widget\" data-widget_type=\"heading.default\">\n\t\t\t\t<div class=\"elementor-widget-container\">\n\t\t\t<h2 class=\"elementor-heading-title elementor-size-default\">Modifications<\/h2>\t\t<\/div>\n\t\t\t\t<\/div>\n\t\t\t\t<div class=\"elementor-element elementor-element-8bed4fc elementor-widget elementor-widget-text-editor\" data-id=\"8bed4fc\" data-element_type=\"widget\" data-widget_type=\"text-editor.default\">\n\t\t\t\t<div class=\"elementor-widget-container\">\n\t\t\t\t\t\t\t<p><strong>B\u00c1RBARA SERVERA<\/strong> reserves the right to make any modifications it deems appropriate, without prior notice, to the content of its website. Both in relation to the contents of the website, as well as in its conditions of use, or in the general contracting conditions. These modifications may be made through its website in any manner admissible by law and will be mandatory during the time in which they are published on the website and until they are validly modified by subsequent ones.<\/p>\n\t\t\t\t\t\t<\/div>\n\t\t\t\t<\/div>\n\t\t\t\t<div class=\"elementor-element elementor-element-2043184 elementor-widget elementor-widget-heading\" data-id=\"2043184\" data-element_type=\"widget\" data-widget_type=\"heading.default\">\n\t\t\t\t<div class=\"elementor-widget-container\">\n\t\t\t<h2 class=\"elementor-heading-title elementor-size-default\">Intellectual and industrial property<\/h2>\t\t<\/div>\n\t\t\t\t<\/div>\n\t\t\t\t<div class=\"elementor-element elementor-element-eb99d79 elementor-widget elementor-widget-text-editor\" data-id=\"eb99d79\" data-element_type=\"widget\" data-widget_type=\"text-editor.default\">\n\t\t\t\t<div class=\"elementor-widget-container\">\n\t\t\t\t\t\t\t<p><strong>B\u00c1RBARA SERVERA<\/strong> by itself or as an assignee, is the owner of all the intellectual and industrial property rights of its website, as well as the elements contained therein (by way of example, images, sound, audio, video, software or texts; brands). or logos, color combinations, structure and design, selection of materials used, computer programs necessary for its operation, access and use, etc.), ownership of <strong>B\u00c1RBARA SERVERA<\/strong>. They will, therefore, be works protected as intellectual property by the Spanish legal system, with both Spanish and Community regulations in this field, as well as international treaties related to the matter and signed by Spain, being applicable to them.<\/p>\n<p>All rights reserved. By virtue of the provisions of the Intellectual Property Law, the reproduction, distribution and public communication, including the method of making available, of all or part of the contents of this website, for commercial purposes, are expressly prohibited. on any medium and by any technical means, without the authorization of <strong>B\u00c1RBARA SERVERA<\/strong>.<\/p>\n<p>The user agrees to respect the Intellectual and Industrial Property rights owned by <strong>B\u00c1RBARA SERVERA<\/strong>. You may view the elements of the portal and even print, copy and store them on the hard drive of your computer or on any other physical medium as long as it is, solely and exclusively, for your personal and private use. The user must refrain from deleting, altering, evading or manipulating any protection device or security system that was installed on the <strong>B\u00c1RBARA SERVERA<\/strong> pages.<\/p>\n\t\t\t\t\t\t<\/div>\n\t\t\t\t<\/div>\n\t\t\t\t<div class=\"elementor-element elementor-element-912c583 elementor-widget elementor-widget-heading\" data-id=\"912c583\" data-element_type=\"widget\" data-widget_type=\"heading.default\">\n\t\t\t\t<div class=\"elementor-widget-container\">\n\t\t\t<h2 class=\"elementor-heading-title elementor-size-default\">SSL certificate (secure sockets layer)<\/h2>\t\t<\/div>\n\t\t\t\t<\/div>\n\t\t\t\t<div class=\"elementor-element elementor-element-d55dbee elementor-widget elementor-widget-text-editor\" data-id=\"d55dbee\" data-element_type=\"widget\" data-widget_type=\"text-editor.default\">\n\t\t\t\t<div class=\"elementor-widget-container\">\n\t\t\t\t\t\t\t<p>The <strong>SSL CERTIFICATE<\/strong> provides authentication, privacy and security of information between<\/p>\n<p><strong>B\u00c1RBARA SERVERA<\/strong> and the user. <strong>B\u00c1RBARA SERVERA<\/strong> has a security certificate that is used by <strong>SSL CERTIFICATE<\/strong> to make secure connections.<\/p>\n<p>In this process, several parameters are established to make the connection securely and it is established using pre-established keys, encoding and decoding all data sent until the connection is closed.<\/p>\n\t\t\t\t\t\t<\/div>\n\t\t\t\t<\/div>\n\t\t\t\t<div class=\"elementor-element elementor-element-ed84e72 elementor-widget elementor-widget-heading\" data-id=\"ed84e72\" data-element_type=\"widget\" data-widget_type=\"heading.default\">\n\t\t\t\t<div class=\"elementor-widget-container\">\n\t\t\t<h2 class=\"elementor-heading-title elementor-size-default\">Legal actions, applicable legislation and jurisdiction<\/h2>\t\t<\/div>\n\t\t\t\t<\/div>\n\t\t\t\t<div class=\"elementor-element elementor-element-a44c36f elementor-widget elementor-widget-text-editor\" data-id=\"a44c36f\" data-element_type=\"widget\" data-widget_type=\"text-editor.default\">\n\t\t\t\t<div class=\"elementor-widget-container\">\n\t\t\t\t\t\t\t<p><strong>B\u00c1RBARA SERVERA<\/strong> also reserves the right to file civil or criminal actions that it deems appropriate for the improper use of its website and content, or for non-compliance with these conditions.<\/p>\n<p>The relationship between the user and the provider will be governed by the regulations in force and applicable in Spanish territory. If any controversy arises, the parties may submit their conflicts to arbitration or resort to ordinary jurisdiction, complying with the rules on jurisdiction and competence in this regard. <strong>B\u00c1RBARA SERVERA<\/strong> is domiciled in <strong>ILLES BALEARS<\/strong>, Spain.<\/p>\n<p>Contracts concluded electronically in which a consumer intervenes as a party will be presumed<br \/>held in the place where he has his habitual residence.<\/p>\n<p>Electronic contracts between businessmen or professionals, in the absence of an agreement between the parties, will be presumed to have been concluded in the place where the service provider is established.<\/p>\n\t\t\t\t\t\t<\/div>\n\t\t\t\t<\/div>\n\t\t\t\t\t<\/div>\n\t\t\t\t<\/div>\n\t\t\t\t<\/div>\n\t\t","protected":false},"excerpt":{"rendered":"<p>Introduction In compliance with Law 34\/2002, of July 11, on Information Society Services and Electronic Commerce (LSSI-CE), B\u00c1RBARA SERVERA informs that it is the owner of the website. In accordance with the requirement of article 10 of the aforementioned Law, B\u00c1RBARA SERVERA reports the following data: BUSINESS NAME B\u00c1RBARA SERVERA DNI MAILING ADDRESS VICEN\u00c7 JOAN [&hellip;]<\/p>\n","protected":false},"author":1,"featured_media":0,"parent":0,"menu_order":0,"comment_status":"closed","ping_status":"closed","template":"","meta":{"_acf_changed":false,"inline_featured_image":false,"footnotes":""},"class_list":["post-1907","page","type-page","status-publish","hentry"],"acf":[],"yoast_head":"<!-- This site is optimized with the Yoast SEO plugin v22.7 - https:\/\/yoast.com\/wordpress\/plugins\/seo\/ -->\n<title>Legal Notice | Barbara Servera<\/title>\n<meta name=\"robots\" content=\"index, follow, max-snippet:-1, max-image-preview:large, max-video-preview:-1\" \/>\n<link rel=\"canonical\" href=\"http:\/\/www.barbaraservera.com\/en\/legal-notice\/\" \/>\n<meta property=\"og:locale\" content=\"en_US\" \/>\n<meta property=\"og:type\" content=\"article\" \/>\n<meta property=\"og:title\" content=\"Legal Notice | Barbara Servera\" \/>\n<meta property=\"og:description\" content=\"Introduction In compliance with Law 34\/2002, of July 11, on Information Society Services and Electronic Commerce (LSSI-CE), B\u00c1RBARA SERVERA informs that it is the owner of the website. In accordance with the requirement of article 10 of the aforementioned Law, B\u00c1RBARA SERVERA reports the following data: BUSINESS NAME B\u00c1RBARA SERVERA DNI MAILING ADDRESS VICEN\u00c7 JOAN [&hellip;]\" \/>\n<meta property=\"og:url\" content=\"http:\/\/www.barbaraservera.com\/en\/legal-notice\/\" \/>\n<meta property=\"og:site_name\" content=\"Barbara Servera\" \/>\n<meta property=\"article:modified_time\" content=\"2024-05-22T10:19:02+00:00\" \/>\n<meta property=\"og:image\" content=\"http:\/\/www.barbaraservera.com\/wp-content\/uploads\/2024\/03\/barbara-servera-a-icon.svg\" \/>\n<meta name=\"twitter:card\" content=\"summary_large_image\" \/>\n<meta name=\"twitter:label1\" content=\"Est. reading time\" \/>\n\t<meta name=\"twitter:data1\" content=\"5 minutes\" \/>\n<script type=\"application\/ld+json\" class=\"yoast-schema-graph\">{\"@context\":\"https:\/\/schema.org\",\"@graph\":[{\"@type\":\"WebPage\",\"@id\":\"http:\/\/www.barbaraservera.com\/en\/legal-notice\/\",\"url\":\"http:\/\/www.barbaraservera.com\/en\/legal-notice\/\",\"name\":\"Legal Notice | Barbara Servera\",\"isPartOf\":{\"@id\":\"http:\/\/www.barbaraservera.com\/en\/#website\"},\"primaryImageOfPage\":{\"@id\":\"http:\/\/www.barbaraservera.com\/en\/legal-notice\/#primaryimage\"},\"image\":{\"@id\":\"http:\/\/www.barbaraservera.com\/en\/legal-notice\/#primaryimage\"},\"thumbnailUrl\":\"http:\/\/www.barbaraservera.com\/wp-content\/uploads\/2024\/03\/barbara-servera-a-icon.svg\",\"datePublished\":\"2024-04-12T06:29:34+00:00\",\"dateModified\":\"2024-05-22T10:19:02+00:00\",\"breadcrumb\":{\"@id\":\"http:\/\/www.barbaraservera.com\/en\/legal-notice\/#breadcrumb\"},\"inLanguage\":\"en-US\",\"potentialAction\":[{\"@type\":\"ReadAction\",\"target\":[\"http:\/\/www.barbaraservera.com\/en\/legal-notice\/\"]}]},{\"@type\":\"ImageObject\",\"inLanguage\":\"en-US\",\"@id\":\"http:\/\/www.barbaraservera.com\/en\/legal-notice\/#primaryimage\",\"url\":\"http:\/\/www.barbaraservera.com\/wp-content\/uploads\/2024\/03\/barbara-servera-a-icon.svg\",\"contentUrl\":\"http:\/\/www.barbaraservera.com\/wp-content\/uploads\/2024\/03\/barbara-servera-a-icon.svg\"},{\"@type\":\"BreadcrumbList\",\"@id\":\"http:\/\/www.barbaraservera.com\/en\/legal-notice\/#breadcrumb\",\"itemListElement\":[{\"@type\":\"ListItem\",\"position\":1,\"name\":\"Home\",\"item\":\"http:\/\/www.barbaraservera.com\/en\/home\/\"},{\"@type\":\"ListItem\",\"position\":2,\"name\":\"Legal Notice\"}]},{\"@type\":\"WebSite\",\"@id\":\"http:\/\/www.barbaraservera.com\/en\/#website\",\"url\":\"http:\/\/www.barbaraservera.com\/en\/\",\"name\":\"B\u00e1rbara Servera\",\"description\":\"COACHING Y COMUNIACI\u00d3N\",\"publisher\":{\"@id\":\"http:\/\/www.barbaraservera.com\/en\/#organization\"},\"alternateName\":\"BServera\",\"potentialAction\":[{\"@type\":\"SearchAction\",\"target\":{\"@type\":\"EntryPoint\",\"urlTemplate\":\"http:\/\/www.barbaraservera.com\/en\/?s={search_term_string}\"},\"query-input\":\"required name=search_term_string\"}],\"inLanguage\":\"en-US\"},{\"@type\":\"Organization\",\"@id\":\"http:\/\/www.barbaraservera.com\/en\/#organization\",\"name\":\"B\u00e1rbara Servera\",\"url\":\"http:\/\/www.barbaraservera.com\/en\/\",\"logo\":{\"@type\":\"ImageObject\",\"inLanguage\":\"en-US\",\"@id\":\"http:\/\/www.barbaraservera.com\/en\/#\/schema\/logo\/image\/\",\"url\":\"http:\/\/www.barbaraservera.com\/wp-content\/uploads\/2024\/03\/barbara-servera-logo.svg\",\"contentUrl\":\"http:\/\/www.barbaraservera.com\/wp-content\/uploads\/2024\/03\/barbara-servera-logo.svg\",\"width\":240,\"height\":42,\"caption\":\"B\u00e1rbara Servera\"},\"image\":{\"@id\":\"http:\/\/www.barbaraservera.com\/en\/#\/schema\/logo\/image\/\"}}]}<\/script>\n<!-- \/ Yoast SEO plugin. -->","yoast_head_json":{"title":"Legal Notice | Barbara Servera","robots":{"index":"index","follow":"follow","max-snippet":"max-snippet:-1","max-image-preview":"max-image-preview:large","max-video-preview":"max-video-preview:-1"},"canonical":"http:\/\/www.barbaraservera.com\/en\/legal-notice\/","og_locale":"en_US","og_type":"article","og_title":"Legal Notice | Barbara Servera","og_description":"Introduction In compliance with Law 34\/2002, of July 11, on Information Society Services and Electronic Commerce (LSSI-CE), B\u00c1RBARA SERVERA informs that it is the owner of the website. In accordance with the requirement of article 10 of the aforementioned Law, B\u00c1RBARA SERVERA reports the following data: BUSINESS NAME B\u00c1RBARA SERVERA DNI MAILING ADDRESS VICEN\u00c7 JOAN [&hellip;]","og_url":"http:\/\/www.barbaraservera.com\/en\/legal-notice\/","og_site_name":"Barbara Servera","article_modified_time":"2024-05-22T10:19:02+00:00","og_image":[{"url":"http:\/\/www.barbaraservera.com\/wp-content\/uploads\/2024\/03\/barbara-servera-a-icon.svg"}],"twitter_card":"summary_large_image","twitter_misc":{"Est. reading time":"5 minutes"},"schema":{"@context":"https:\/\/schema.org","@graph":[{"@type":"WebPage","@id":"http:\/\/www.barbaraservera.com\/en\/legal-notice\/","url":"http:\/\/www.barbaraservera.com\/en\/legal-notice\/","name":"Legal Notice | Barbara Servera","isPartOf":{"@id":"http:\/\/www.barbaraservera.com\/en\/#website"},"primaryImageOfPage":{"@id":"http:\/\/www.barbaraservera.com\/en\/legal-notice\/#primaryimage"},"image":{"@id":"http:\/\/www.barbaraservera.com\/en\/legal-notice\/#primaryimage"},"thumbnailUrl":"http:\/\/www.barbaraservera.com\/wp-content\/uploads\/2024\/03\/barbara-servera-a-icon.svg","datePublished":"2024-04-12T06:29:34+00:00","dateModified":"2024-05-22T10:19:02+00:00","breadcrumb":{"@id":"http:\/\/www.barbaraservera.com\/en\/legal-notice\/#breadcrumb"},"inLanguage":"en-US","potentialAction":[{"@type":"ReadAction","target":["http:\/\/www.barbaraservera.com\/en\/legal-notice\/"]}]},{"@type":"ImageObject","inLanguage":"en-US","@id":"http:\/\/www.barbaraservera.com\/en\/legal-notice\/#primaryimage","url":"http:\/\/www.barbaraservera.com\/wp-content\/uploads\/2024\/03\/barbara-servera-a-icon.svg","contentUrl":"http:\/\/www.barbaraservera.com\/wp-content\/uploads\/2024\/03\/barbara-servera-a-icon.svg"},{"@type":"BreadcrumbList","@id":"http:\/\/www.barbaraservera.com\/en\/legal-notice\/#breadcrumb","itemListElement":[{"@type":"ListItem","position":1,"name":"Home","item":"http:\/\/www.barbaraservera.com\/en\/home\/"},{"@type":"ListItem","position":2,"name":"Legal Notice"}]},{"@type":"WebSite","@id":"http:\/\/www.barbaraservera.com\/en\/#website","url":"http:\/\/www.barbaraservera.com\/en\/","name":"B\u00e1rbara Servera","description":"COACHING Y COMUNIACI\u00d3N","publisher":{"@id":"http:\/\/www.barbaraservera.com\/en\/#organization"},"alternateName":"BServera","potentialAction":[{"@type":"SearchAction","target":{"@type":"EntryPoint","urlTemplate":"http:\/\/www.barbaraservera.com\/en\/?s={search_term_string}"},"query-input":"required name=search_term_string"}],"inLanguage":"en-US"},{"@type":"Organization","@id":"http:\/\/www.barbaraservera.com\/en\/#organization","name":"B\u00e1rbara Servera","url":"http:\/\/www.barbaraservera.com\/en\/","logo":{"@type":"ImageObject","inLanguage":"en-US","@id":"http:\/\/www.barbaraservera.com\/en\/#\/schema\/logo\/image\/","url":"http:\/\/www.barbaraservera.com\/wp-content\/uploads\/2024\/03\/barbara-servera-logo.svg","contentUrl":"http:\/\/www.barbaraservera.com\/wp-content\/uploads\/2024\/03\/barbara-servera-logo.svg","width":240,"height":42,"caption":"B\u00e1rbara Servera"},"image":{"@id":"http:\/\/www.barbaraservera.com\/en\/#\/schema\/logo\/image\/"}}]}},"_links":{"self":[{"href":"http:\/\/www.barbaraservera.com\/en\/wp-json\/wp\/v2\/pages\/1907","targetHints":{"allow":["GET"]}}],"collection":[{"href":"http:\/\/www.barbaraservera.com\/en\/wp-json\/wp\/v2\/pages"}],"about":[{"href":"http:\/\/www.barbaraservera.com\/en\/wp-json\/wp\/v2\/types\/page"}],"author":[{"embeddable":true,"href":"http:\/\/www.barbaraservera.com\/en\/wp-json\/wp\/v2\/users\/1"}],"replies":[{"embeddable":true,"href":"http:\/\/www.barbaraservera.com\/en\/wp-json\/wp\/v2\/comments?post=1907"}],"version-history":[{"count":4,"href":"http:\/\/www.barbaraservera.com\/en\/wp-json\/wp\/v2\/pages\/1907\/revisions"}],"predecessor-version":[{"id":2470,"href":"http:\/\/www.barbaraservera.com\/en\/wp-json\/wp\/v2\/pages\/1907\/revisions\/2470"}],"wp:attachment":[{"href":"http:\/\/www.barbaraservera.com\/en\/wp-json\/wp\/v2\/media?parent=1907"}],"curies":[{"name":"wp","href":"https:\/\/api.w.org\/{rel}","templated":true}]}}